{"id":196,"date":"2021-08-27T18:26:11","date_gmt":"2021-08-27T18:26:11","guid":{"rendered":"https:\/\/achieve.study\/?page_id=196"},"modified":"2022-06-19T14:13:02","modified_gmt":"2022-06-19T14:13:02","slug":"find-a-study-clinic","status":"publish","type":"page","link":"https:\/\/achieve.study\/de\/find-a-study-clinic\/","title":{"rendered":"Pr\u00fcfzentrum suchen"},"content":{"rendered":"<p>[et_pb_section fb_built=&#8221;1&#8243; custom_padding_last_edited=&#8221;on|phone&#8221; admin_label=&#8221;Hero Section&#8221; module_class=&#8221;hero&#8221; _builder_version=&#8221;4.15&#8243; _module_preset=&#8221;default&#8221; background_enable_image=&#8221;off&#8221; background_size=&#8221;initial&#8221; background_position=&#8221;bottom_right&#8221; height_tablet=&#8221;&#8221; height_phone=&#8221;&#8221; height_last_edited=&#8221;on|tablet&#8221; custom_padding=&#8221;0px||0px||true|false&#8221; custom_padding_tablet=&#8221;&#8221; custom_padding_phone=&#8221;&#8221; global_colors_info=&#8221;{}&#8221;][et_pb_row column_structure=&#8221;3_5,2_5&#8243; use_custom_gutter=&#8221;on&#8221; custom_padding_last_edited=&#8221;on|desktop&#8221; admin_label=&#8221;Row&#8221; _builder_version=&#8221;4.15&#8243; _module_preset=&#8221;default&#8221; custom_margin=&#8221;||||true|false&#8221; custom_padding=&#8221;0px||0px||true|false&#8221; custom_padding_tablet=&#8221;&#8221; custom_padding_phone=&#8221;&#8221; global_colors_info=&#8221;{}&#8221;][et_pb_column type=&#8221;3_5&#8243; _builder_version=&#8221;4.15&#8243; _module_preset=&#8221;default&#8221; custom_padding=&#8221;60px||60px||true|false&#8221; global_colors_info=&#8221;{}&#8221;][et_pb_text _builder_version=&#8221;4.15&#8243; _module_preset=&#8221;default&#8221; header_font=&#8221;|700|||||||&#8221; header_text_color=&#8221;#0090C5&#8243; header_font_size=&#8221;40px&#8221; custom_margin=&#8221;||28px||false|false&#8221; header_font_size_tablet=&#8221;&#8221; header_font_size_phone=&#8221;34px&#8221; header_font_size_last_edited=&#8221;on|tablet&#8221; global_colors_info=&#8221;{}&#8221;]<\/p>\n<h1>Pr\u00fcfzentrum suchen<\/h1>\n<p>[\/et_pb_text][et_pb_text _builder_version=&#8221;4.15&#8243; _module_preset=&#8221;default&#8221; text_font_size=&#8221;33px&#8221; text_line_height=&#8221;1.2em&#8221; text_font_size_tablet=&#8221;&#8221; text_font_size_phone=&#8221;28px&#8221; text_font_size_last_edited=&#8221;on|phone&#8221; global_colors_info=&#8221;{}&#8221;]Wenn Sie sich n\u00e4her \u00fcber die <strong><span style=\"color: #0090c5;\">ACHIEVE<\/span><\/strong>-Studie informieren m\u00f6chten, wenden Sie sich bitte an eines der unten angegebenen Pr\u00fcfzentren in Ihrer N\u00e4he:[\/et_pb_text][\/et_pb_column][et_pb_column type=&#8221;2_5&#8243; _builder_version=&#8221;4.15&#8243; _module_preset=&#8221;default&#8221; background_enable_image=&#8221;off&#8221; background_position=&#8221;top_right&#8221; global_colors_info=&#8221;{}&#8221;][et_pb_image src=&#8221;https:\/\/achieve.study\/de\/wp-content\/uploads\/2021\/08\/home-row7-img1.png&#8221; title_text=&#8221;Achieve Study&#8221; show_bottom_space=&#8221;off&#8221; align=&#8221;right&#8221; align_tablet=&#8221;center&#8221; align_phone=&#8221;&#8221; align_last_edited=&#8221;on|desktop&#8221; _builder_version=&#8221;4.15&#8243; _module_preset=&#8221;default&#8221; custom_margin=&#8221;||||false|false&#8221; custom_padding=&#8221;||||false|false&#8221; global_colors_info=&#8221;{}&#8221;][\/et_pb_image][\/et_pb_column][\/et_pb_row][\/et_pb_section][et_pb_section fb_built=&#8221;1&#8243; admin_label=&#8221;Taking Part Section&#8221; module_id=&#8221;taking-part&#8221; _builder_version=&#8221;4.15&#8243; _module_preset=&#8221;default&#8221; background_color=&#8221;#ffffff&#8221; background_image=&#8221;https:\/\/achieve.study\/de\/wp-content\/uploads\/2021\/08\/diagonal-line-top-bg.png&#8221; background_size=&#8221;initial&#8221; background_position=&#8221;top_center&#8221; background_repeat=&#8221;repeat-x&#8221; custom_padding=&#8221;90px||45px||false|false&#8221; global_colors_info=&#8221;{}&#8221;][et_pb_row use_custom_gutter=&#8221;on&#8221; gutter_width=&#8221;1&#8243; make_equal=&#8221;on&#8221; admin_label=&#8221;Row&#8221; _builder_version=&#8221;4.15&#8243; _module_preset=&#8221;default&#8221; module_alignment=&#8221;center&#8221; custom_padding=&#8221;0px||0px||true|false&#8221; global_colors_info=&#8221;{}&#8221;][et_pb_column type=&#8221;4_4&#8243; _builder_version=&#8221;4.15&#8243; _module_preset=&#8221;default&#8221; global_colors_info=&#8221;{}&#8221;][et_pb_text _builder_version=&#8221;4.15&#8243; _module_preset=&#8221;default&#8221; global_colors_info=&#8221;{}&#8221;][\/et_pb_text][et_pb_text _builder_version=&#8221;4.15&#8243; _module_preset=&#8221;default&#8221; header_line_height=&#8221;46px&#8221; header_2_font_size=&#8221;45px&#8221; custom_padding=&#8221;||30px||false|false&#8221; header_2_font_size_tablet=&#8221;&#8221; header_2_font_size_phone=&#8221;40px&#8221; header_2_font_size_last_edited=&#8221;on|phone&#8221; global_colors_info=&#8221;{}&#8221;]<\/p>\n<h2>Deutschland<\/h2>\n<p>[\/et_pb_text][et_pb_accordion db_closeable=&#8221;on&#8221; open_toggle_text_color=&#8221;#FFFFFF&#8221; open_toggle_background_color=&#8221;#F14951&#8243; closed_toggle_background_color=&#8221;#0090C5&#8243; icon_color=&#8221;#FFFFFF&#8221; use_icon_font_size=&#8221;on&#8221; icon_font_size=&#8221;32px&#8221; _builder_version=&#8221;4.15.1&#8243; _module_preset=&#8221;default&#8221; toggle_text_color=&#8221;#FFFFFF&#8221; toggle_level=&#8221;h3&#8243; toggle_font=&#8221;|700|||||||&#8221; toggle_font_size=&#8221;25px&#8221; toggle_line_height=&#8221;28px&#8221; body_font=&#8221;|600|||||||&#8221; body_font_size=&#8221;21px&#8221; body_line_height=&#8221;28px&#8221; background_color=&#8221;#ecf7e9&#8243; custom_padding=&#8221;|70px||70px|false|true&#8221; custom_padding_tablet=&#8221;&#8221; custom_padding_phone=&#8221;&#8221; custom_padding_last_edited=&#8221;on|phone&#8221; hover_enabled=&#8221;0&#8243; toggle_font_size_tablet=&#8221;&#8221; toggle_font_size_phone=&#8221;22px&#8221; toggle_font_size_last_edited=&#8221;on|phone&#8221; closed_toggle_font_size_tablet=&#8221;&#8221; closed_toggle_font_size_phone=&#8221;&#8221; closed_toggle_font_size_last_edited=&#8221;on|phone&#8221; body_font_size_tablet=&#8221;&#8221; body_font_size_phone=&#8221;&#8221; body_font_size_last_edited=&#8221;on|desktop&#8221; custom_css_main_element=&#8221;border:none;&#8221; custom_css_toggle=&#8221;padding:0;||margin: 0 0 3px 0!important;&#8221; custom_css_open_toggle=&#8221;margin: 0 0 3px 0!important;||border:none;&#8221; custom_css_toggle_title=&#8221;padding: 16px 70px&#8221; custom_css_toggle_icon=&#8221;padding-left:16px&#8221; custom_css_toggle_content=&#8221;background:#ecf7e9;||padding-top:30px;||padding-bottom:30px;&#8221; global_colors_info=&#8221;{}&#8221; sticky_enabled=&#8221;0&#8243;][et_pb_accordion_item title=&#8221;Dusseldorf &#8211; Demn\u00e4chst verf\u00fcgbar&#8221; open=&#8221;off&#8221; _builder_version=&#8221;4.15.1&#8243; _module_preset=&#8221;default&#8221; hover_enabled=&#8221;0&#8243; global_colors_info=&#8221;{}&#8221; sticky_enabled=&#8221;0&#8243;]<\/p>\n<p>Demn\u00e4chst verf\u00fcgbar<\/p>\n<p>[\/et_pb_accordion_item][et_pb_accordion_item title=&#8221;Magdeburg &#8211; Otto von Guericke Universitat Magdeburg&#8221; _builder_version=&#8221;4.15.1&#8243; _module_preset=&#8221;default&#8221; hover_enabled=&#8221;0&#8243; global_colors_info=&#8221;{}&#8221; open=&#8221;on&#8221; sticky_enabled=&#8221;0&#8243;]<\/p>\n<div>Prof. Dr. Klaus \u00a0Monhnike<span> <\/span><span> <\/span><\/div>\n<div>Kontakt: Alexandra<span> <\/span>Ebert<span> <\/span><\/div>\n<div>+<a href=\"tel:493916724102\">49 391 67 24102<\/a><span> <\/span><\/div>\n<div><a href=\"mailto:alexandra.ebert@med.ovgu.de\" target=\"_blank\" rel=\"noopener\">alexandra.ebert@med.ovgu.de<\/a><\/div>\n<p>[\/et_pb_accordion_item][\/et_pb_accordion][\/et_pb_column][\/et_pb_row][\/et_pb_section]<\/p>\n","protected":false},"excerpt":{"rendered":"<p>Pr\u00fcfzentrum suchenWenn Sie sich n\u00e4her \u00fcber die ACHIEVE-Studie informieren m\u00f6chten, wenden Sie sich bitte an eines der unten angegebenen Pr\u00fcfzentren in Ihrer N\u00e4he:DeutschlandDemn\u00e4chst verf\u00fcgbarProf. Dr. Klaus \u00a0Monhnike Kontakt: Alexandra Ebert +49 391 67 24102 alexandra.ebert@med.ovgu.de<\/p>\n","protected":false},"author":1,"featured_media":0,"parent":0,"menu_order":0,"comment_status":"closed","ping_status":"closed","template":"","meta":{"_et_pb_use_builder":"on","_et_pb_old_content":"","_et_gb_content_width":"","footnotes":""},"class_list":["post-196","page","type-page","status-publish","hentry"],"yoast_head":"<!-- This site is optimized with the Yoast SEO plugin v27.4 - https:\/\/yoast.com\/product\/yoast-seo-wordpress\/ -->\n<title>Pr\u00fcfzentrum suchen - Achieve Study<\/title>\n<meta name=\"robots\" content=\"index, follow, max-snippet:-1, max-image-preview:large, max-video-preview:-1\" \/>\n<link rel=\"canonical\" href=\"https:\/\/achieve.study\/de\/find-a-study-clinic\/\" \/>\n<meta property=\"og:locale\" content=\"en_US\" \/>\n<meta property=\"og:type\" content=\"article\" \/>\n<meta property=\"og:title\" content=\"Pr\u00fcfzentrum suchen - Achieve Study\" \/>\n<meta property=\"og:description\" content=\"Pr\u00fcfzentrum suchenWenn Sie sich n\u00e4her \u00fcber die ACHIEVE-Studie informieren m\u00f6chten, wenden Sie sich bitte an eines der unten angegebenen Pr\u00fcfzentren in Ihrer N\u00e4he:DeutschlandDemn\u00e4chst verf\u00fcgbarProf. Dr. Klaus \u00a0Monhnike Kontakt: Alexandra Ebert +49 391 67 24102 alexandra.ebert@med.ovgu.de\" \/>\n<meta property=\"og:url\" content=\"https:\/\/achieve.study\/de\/find-a-study-clinic\/\" \/>\n<meta property=\"og:site_name\" content=\"Achieve Study\" \/>\n<meta property=\"article:modified_time\" content=\"2022-06-19T14:13:02+00:00\" \/>\n<meta name=\"twitter:card\" content=\"summary_large_image\" \/>\n<meta name=\"twitter:label1\" content=\"Est. reading time\" \/>\n\t<meta name=\"twitter:data1\" content=\"4 minutes\" \/>\n<script type=\"application\/ld+json\" class=\"yoast-schema-graph\">{\"@context\":\"https:\\\/\\\/schema.org\",\"@graph\":[{\"@type\":\"WebPage\",\"@id\":\"https:\\\/\\\/achieve.study\\\/de\\\/find-a-study-clinic\\\/\",\"url\":\"https:\\\/\\\/achieve.study\\\/de\\\/find-a-study-clinic\\\/\",\"name\":\"Pr\u00fcfzentrum suchen - Achieve Study\",\"isPartOf\":{\"@id\":\"https:\\\/\\\/achieve.study\\\/de\\\/#website\"},\"datePublished\":\"2021-08-27T18:26:11+00:00\",\"dateModified\":\"2022-06-19T14:13:02+00:00\",\"breadcrumb\":{\"@id\":\"https:\\\/\\\/achieve.study\\\/de\\\/find-a-study-clinic\\\/#breadcrumb\"},\"inLanguage\":\"en-US\",\"potentialAction\":[{\"@type\":\"ReadAction\",\"target\":[\"https:\\\/\\\/achieve.study\\\/de\\\/find-a-study-clinic\\\/\"]}]},{\"@type\":\"BreadcrumbList\",\"@id\":\"https:\\\/\\\/achieve.study\\\/de\\\/find-a-study-clinic\\\/#breadcrumb\",\"itemListElement\":[{\"@type\":\"ListItem\",\"position\":1,\"name\":\"Home\",\"item\":\"https:\\\/\\\/achieve.study\\\/de\\\/\"},{\"@type\":\"ListItem\",\"position\":2,\"name\":\"Pr\u00fcfzentrum suchen\"}]},{\"@type\":\"WebSite\",\"@id\":\"https:\\\/\\\/achieve.study\\\/de\\\/#website\",\"url\":\"https:\\\/\\\/achieve.study\\\/de\\\/\",\"name\":\"Achieve Study\",\"description\":\"\",\"potentialAction\":[{\"@type\":\"SearchAction\",\"target\":{\"@type\":\"EntryPoint\",\"urlTemplate\":\"https:\\\/\\\/achieve.study\\\/de\\\/?s={search_term_string}\"},\"query-input\":{\"@type\":\"PropertyValueSpecification\",\"valueRequired\":true,\"valueName\":\"search_term_string\"}}],\"inLanguage\":\"en-US\"}]}<\/script>\n<!-- \/ Yoast SEO plugin. -->","yoast_head_json":{"title":"Pr\u00fcfzentrum suchen - Achieve Study","robots":{"index":"index","follow":"follow","max-snippet":"max-snippet:-1","max-image-preview":"max-image-preview:large","max-video-preview":"max-video-preview:-1"},"canonical":"https:\/\/achieve.study\/de\/find-a-study-clinic\/","og_locale":"en_US","og_type":"article","og_title":"Pr\u00fcfzentrum suchen - Achieve Study","og_description":"Pr\u00fcfzentrum suchenWenn Sie sich n\u00e4her \u00fcber die ACHIEVE-Studie informieren m\u00f6chten, wenden Sie sich bitte an eines der unten angegebenen Pr\u00fcfzentren in Ihrer N\u00e4he:DeutschlandDemn\u00e4chst verf\u00fcgbarProf. Dr. Klaus \u00a0Monhnike Kontakt: Alexandra Ebert +49 391 67 24102 alexandra.ebert@med.ovgu.de","og_url":"https:\/\/achieve.study\/de\/find-a-study-clinic\/","og_site_name":"Achieve Study","article_modified_time":"2022-06-19T14:13:02+00:00","twitter_card":"summary_large_image","twitter_misc":{"Est. reading time":"4 minutes"},"schema":{"@context":"https:\/\/schema.org","@graph":[{"@type":"WebPage","@id":"https:\/\/achieve.study\/de\/find-a-study-clinic\/","url":"https:\/\/achieve.study\/de\/find-a-study-clinic\/","name":"Pr\u00fcfzentrum suchen - Achieve Study","isPartOf":{"@id":"https:\/\/achieve.study\/de\/#website"},"datePublished":"2021-08-27T18:26:11+00:00","dateModified":"2022-06-19T14:13:02+00:00","breadcrumb":{"@id":"https:\/\/achieve.study\/de\/find-a-study-clinic\/#breadcrumb"},"inLanguage":"en-US","potentialAction":[{"@type":"ReadAction","target":["https:\/\/achieve.study\/de\/find-a-study-clinic\/"]}]},{"@type":"BreadcrumbList","@id":"https:\/\/achieve.study\/de\/find-a-study-clinic\/#breadcrumb","itemListElement":[{"@type":"ListItem","position":1,"name":"Home","item":"https:\/\/achieve.study\/de\/"},{"@type":"ListItem","position":2,"name":"Pr\u00fcfzentrum suchen"}]},{"@type":"WebSite","@id":"https:\/\/achieve.study\/de\/#website","url":"https:\/\/achieve.study\/de\/","name":"Achieve Study","description":"","potentialAction":[{"@type":"SearchAction","target":{"@type":"EntryPoint","urlTemplate":"https:\/\/achieve.study\/de\/?s={search_term_string}"},"query-input":{"@type":"PropertyValueSpecification","valueRequired":true,"valueName":"search_term_string"}}],"inLanguage":"en-US"}]}},"_links":{"self":[{"href":"https:\/\/achieve.study\/de\/wp-json\/wp\/v2\/pages\/196","targetHints":{"allow":["GET"]}}],"collection":[{"href":"https:\/\/achieve.study\/de\/wp-json\/wp\/v2\/pages"}],"about":[{"href":"https:\/\/achieve.study\/de\/wp-json\/wp\/v2\/types\/page"}],"author":[{"embeddable":true,"href":"https:\/\/achieve.study\/de\/wp-json\/wp\/v2\/users\/1"}],"replies":[{"embeddable":true,"href":"https:\/\/achieve.study\/de\/wp-json\/wp\/v2\/comments?post=196"}],"version-history":[{"count":45,"href":"https:\/\/achieve.study\/de\/wp-json\/wp\/v2\/pages\/196\/revisions"}],"predecessor-version":[{"id":493,"href":"https:\/\/achieve.study\/de\/wp-json\/wp\/v2\/pages\/196\/revisions\/493"}],"wp:attachment":[{"href":"https:\/\/achieve.study\/de\/wp-json\/wp\/v2\/media?parent=196"}],"curies":[{"name":"wp","href":"https:\/\/api.w.org\/{rel}","templated":true}]}}